{"id":627,"date":"2019-10-17T14:12:41","date_gmt":"2019-10-17T12:12:41","guid":{"rendered":"https:\/\/megusta.fr\/about-us\/"},"modified":"2021-07-22T16:33:53","modified_gmt":"2021-07-22T14:33:53","slug":"a-propos","status":"publish","type":"page","link":"https:\/\/megusta.fr\/fr\/a-propos\/","title":{"rendered":"\u00c0 propos"},"content":{"rendered":"<div class=\"wpb-content-wrapper\">[vc_row thb_divider_position=\u00a0\u00bbbottom\u00a0\u00bb css=\u00a0\u00bb.vc_custom_1571346735386{padding-top: 10% !important;}\u00a0\u00bb][vc_column width=\u00a0\u00bb1\/6&Prime;][\/vc_column][vc_column width=\u00a0\u00bb2\/3&Prime;][vc_column_text animation=\u00a0\u00bbanimation top-to-bottom\u00a0\u00bb]Pour Megusta,<br \/>\n\u2014 la marque doit \u00eatre connect\u00e9e dans le m\u00eame temps avec les synapses du cerveau et les battements du c\u0153ur.<br \/>\n\u2014 elle doit \u00e0 la fois surprendre et rassurer, \u00eatre hier et demain, pour exister aujourd\u2019hui.<br \/>\n\u2014 elle doit devenir l\u2019embl\u00e8me d\u2019une communaut\u00e9, d\u2019une culture et d\u2019une g\u00e9n\u00e9ration.<\/p>\n<p>Et l\u00e0 seulement finit la mission de l\u2019agence.[\/vc_column_text][\/vc_column][vc_column width=\u00a0\u00bb1\/6&Prime;][\/vc_column][\/vc_row][vc_row thb_divider_position=\u00a0\u00bbbottom\u00a0\u00bb][vc_column width=\u00a0\u00bb1\/5&Prime;][\/vc_column][vc_column width=\u00a0\u00bb1\/5&Prime;][vc_row_inner][vc_column_inner width=\u00a0\u00bb1\/4&Prime;]\t<div id=\"thb-image-69e704677c53b\" class=\"caption-style1 animation bottom-to-top alignleft full  thb_image_link wp-caption\">\n\t\t\t<div class=\"thb-image-inner size_100\">\n\t\t\t<img loading=\"lazy\" decoding=\"async\" width=\"1\" height=\"1\" src=\"https:\/\/megusta.fr\/wp-content\/uploads\/2019\/10\/cursor-tap.svg\" class=\"thb_image   thb-ignore-lazyload attachment-full thb-lazyload lazyload\" alt=\"\" title=\"cursor-tap\" data-src=\"https:\/\/megusta.fr\/wp-content\/uploads\/2019\/10\/cursor-tap.svg\" data-sizes=\"auto\" \/>\n\t\t<\/div>\n\t\t\t\t\t<\/div>\n\t[\/vc_column_inner][vc_column_inner width=\u00a0\u00bb3\/4&Prime;][\/vc_column_inner][\/vc_row_inner][vc_column_text css=\u00a0\u00bb.vc_custom_1626964294337{padding-top: 20px !important;}\u00a0\u00bb]\n<h1 class=\"megusta-about-first\">STRAT\u00c9GIE DE MARQUE<\/h1>\n<p>Positionnement<br \/>\nPlateforme de marque<br \/>\nPlateforme de communication<br \/>\nCr\u00e9ation de marque<br \/>\nStrat\u00e9gie op\u00e9rationnelle<br \/>\nStrat\u00e9gie prix<br \/>\nBrand book<br \/>\nBrand Academie[\/vc_column_text][\/vc_column][vc_column width=\u00a0\u00bb1\/5&Prime;][vc_row_inner][vc_column_inner width=\u00a0\u00bb1\/4&Prime;]\t<div id=\"thb-image-69e704677cca4\" class=\"caption-style1 animation bottom-to-top alignleft full  thb_image_link wp-caption\">\n\t\t\t<div class=\"thb-image-inner size_100\">\n\t\t\t<img loading=\"lazy\" decoding=\"async\" width=\"1\" height=\"1\" src=\"https:\/\/megusta.fr\/wp-content\/uploads\/2019\/10\/rgb-color.svg\" class=\"thb_image   thb-ignore-lazyload attachment-full thb-lazyload lazyload\" alt=\"\" title=\"rgb-color\" data-src=\"https:\/\/megusta.fr\/wp-content\/uploads\/2019\/10\/rgb-color.svg\" data-sizes=\"auto\" \/>\n\t\t<\/div>\n\t\t\t\t\t<\/div>\n\t[\/vc_column_inner][vc_column_inner width=\u00a0\u00bb3\/4&Prime;][\/vc_column_inner][\/vc_row_inner][vc_column_text css=\u00a0\u00bb.vc_custom_1626964416034{padding-top: 20px !important;}\u00a0\u00bb]\n<h2 class=\"megusta-about-second\">IDENTIT\u00c9 DE MARQUE<\/h2>\n<p>Logotype<br \/>\nH\u00e9raldique<br \/>\nCharte graphique<br \/>\nDesign volume<br \/>\nDesign habillages<br \/>\nDesign \u00e9tui &amp; coffret<br \/>\nTerritoire visuel<br \/>\nDiscours de marque[\/vc_column_text][\/vc_column][vc_column width=\u00a0\u00bb1\/5&Prime;][vc_row_inner][vc_column_inner width=\u00a0\u00bb1\/4&Prime;]\t<div id=\"thb-image-69e704677d232\" class=\"caption-style1 animation bottom-to-top alignleft full  thb_image_link wp-caption\">\n\t\t\t<div class=\"thb-image-inner size_100\">\n\t\t\t<img loading=\"lazy\" decoding=\"async\" width=\"1\" height=\"1\" src=\"https:\/\/megusta.fr\/wp-content\/uploads\/2019\/10\/megaphone-1.svg\" class=\"thb_image   thb-ignore-lazyload attachment-full thb-lazyload lazyload\" alt=\"\" title=\"megaphone-1\" data-src=\"https:\/\/megusta.fr\/wp-content\/uploads\/2019\/10\/megaphone-1.svg\" data-sizes=\"auto\" \/>\n\t\t<\/div>\n\t\t\t\t\t<\/div>\n\t[\/vc_column_inner][vc_column_inner width=\u00a0\u00bb3\/4&Prime;][\/vc_column_inner][\/vc_row_inner][vc_column_text css=\u00a0\u00bb.vc_custom_1626964428105{padding-top: 20px !important;}\u00a0\u00bb]\n<h2 class=\"megusta-about-second\">ACTIVATION DE MARQUE<\/h2>\n<p>\u00c9dition limit\u00e9e<br \/>\nConception-r\u00e9daction<br \/>\nBrochure &amp; dossier de presse<br \/>\nMerchandising &amp; PLV<br \/>\nCampagne de communication<br \/>\nSite web<br \/>\nStrat\u00e9gie r\u00e9seaux sociaux<br \/>\nCentre de visites[\/vc_column_text][\/vc_column][vc_column width=\u00a0\u00bb1\/5&Prime;][\/vc_column][\/vc_row]\n<\/div>","protected":false},"excerpt":{"rendered":"<p>[vc_row thb_divider_position=\u00a0\u00bbbottom\u00a0\u00bb css=\u00a0\u00bb.vc_custom_1571346735386{padding-top: 10% !important;}\u00a0\u00bb][vc_column width=\u00a0\u00bb1\/6&Prime;][\/vc_column][vc_column width=\u00a0\u00bb2\/3&Prime;][vc_column_text animation=\u00a0\u00bbanimation top-to-bottom\u00a0\u00bb]Pour Megusta, \u2014 la marque doit \u00eatre connect\u00e9e dans le m\u00eame temps avec les synapses du cerveau et les battements du c\u0153ur. \u2014 elle doit \u00e0 la fois surprendre et rassurer, \u00eatre hier et demain, pour exister aujourd\u2019hui. \u2014 elle doit devenir l\u2019embl\u00e8me d\u2019une communaut\u00e9, d\u2019une culture&hellip;<\/p>\n","protected":false},"author":1,"featured_media":0,"parent":0,"menu_order":0,"comment_status":"closed","ping_status":"closed","template":"","meta":{"inline_featured_image":false,"footnotes":""},"class_list":["post-627","page","type-page","status-publish","hentry"],"yoast_head":"<!-- This site is optimized with the Yoast SEO plugin v27.2 - https:\/\/yoast.com\/product\/yoast-seo-wordpress\/ -->\n<title>\u00c0 propos - Megusta - Strategic brand design &amp; communication<\/title>\n<meta name=\"description\" content=\"Pour Megusta, la marque doit \u00eatre connect\u00e9e dans le m\u00eame temps avec les synapses du cerveau et les battements du c\u0153ur.\" \/>\n<meta name=\"robots\" content=\"index, follow, max-snippet:-1, max-image-preview:large, max-video-preview:-1\" \/>\n<link rel=\"canonical\" href=\"https:\/\/megusta.fr\/fr\/a-propos\/\" \/>\n<meta property=\"og:locale\" content=\"fr_FR\" \/>\n<meta property=\"og:type\" content=\"article\" \/>\n<meta property=\"og:title\" content=\"\u00c0 propos - Megusta - Strategic brand design &amp; communication\" \/>\n<meta property=\"og:description\" content=\"Pour Megusta, la marque doit \u00eatre connect\u00e9e dans le m\u00eame temps avec les synapses du cerveau et les battements du c\u0153ur.\" \/>\n<meta property=\"og:url\" content=\"https:\/\/megusta.fr\/fr\/a-propos\/\" \/>\n<meta property=\"og:site_name\" content=\"Megusta\" \/>\n<meta property=\"article:publisher\" content=\"https:\/\/www.facebook.com\/megusta.fr\" \/>\n<meta property=\"article:modified_time\" content=\"2021-07-22T14:33:53+00:00\" \/>\n<meta property=\"og:image\" content=\"https:\/\/megusta.fr\/wp-content\/uploads\/2019\/10\/MEGUSTA_LogoBlackBaseline.png\" \/>\n\t<meta property=\"og:image:width\" content=\"600\" \/>\n\t<meta property=\"og:image:height\" content=\"210\" \/>\n\t<meta property=\"og:image:type\" content=\"image\/png\" \/>\n<meta name=\"twitter:card\" content=\"summary_large_image\" \/>\n<meta name=\"twitter:label1\" content=\"Dur\u00e9e de lecture estim\u00e9e\" \/>\n\t<meta name=\"twitter:data1\" content=\"2 minutes\" \/>\n<script type=\"application\/ld+json\" class=\"yoast-schema-graph\">{\"@context\":\"https:\/\/schema.org\",\"@graph\":[{\"@type\":\"WebPage\",\"@id\":\"https:\/\/megusta.fr\/fr\/a-propos\/\",\"url\":\"https:\/\/megusta.fr\/fr\/a-propos\/\",\"name\":\"\u00c0 propos - Megusta - Strategic brand design & communication\",\"isPartOf\":{\"@id\":\"https:\/\/megusta.fr\/#website\"},\"datePublished\":\"2019-10-17T12:12:41+00:00\",\"dateModified\":\"2021-07-22T14:33:53+00:00\",\"description\":\"Pour Megusta, la marque doit \u00eatre connect\u00e9e dans le m\u00eame temps avec les synapses du cerveau et les battements du c\u0153ur.\",\"breadcrumb\":{\"@id\":\"https:\/\/megusta.fr\/fr\/a-propos\/#breadcrumb\"},\"inLanguage\":\"fr-FR\",\"potentialAction\":[{\"@type\":\"ReadAction\",\"target\":[\"https:\/\/megusta.fr\/fr\/a-propos\/\"]}]},{\"@type\":\"BreadcrumbList\",\"@id\":\"https:\/\/megusta.fr\/fr\/a-propos\/#breadcrumb\",\"itemListElement\":[{\"@type\":\"ListItem\",\"position\":1,\"name\":\"Home\",\"item\":\"https:\/\/megusta.fr\/fr\/\"},{\"@type\":\"ListItem\",\"position\":2,\"name\":\"\u00c0 propos\"}]},{\"@type\":\"WebSite\",\"@id\":\"https:\/\/megusta.fr\/#website\",\"url\":\"https:\/\/megusta.fr\/\",\"name\":\"Megusta\",\"description\":\"Strategic Brand Design\",\"publisher\":{\"@id\":\"https:\/\/megusta.fr\/#organization\"},\"potentialAction\":[{\"@type\":\"SearchAction\",\"target\":{\"@type\":\"EntryPoint\",\"urlTemplate\":\"https:\/\/megusta.fr\/?s={search_term_string}\"},\"query-input\":{\"@type\":\"PropertyValueSpecification\",\"valueRequired\":true,\"valueName\":\"search_term_string\"}}],\"inLanguage\":\"fr-FR\"},{\"@type\":\"Organization\",\"@id\":\"https:\/\/megusta.fr\/#organization\",\"name\":\"Megusta\",\"url\":\"https:\/\/megusta.fr\/\",\"logo\":{\"@type\":\"ImageObject\",\"inLanguage\":\"fr-FR\",\"@id\":\"https:\/\/megusta.fr\/#\/schema\/logo\/image\/\",\"url\":\"https:\/\/megusta.fr\/wp-content\/uploads\/2019\/10\/MEGUSTA_LogoBlackBaseline.svg\",\"contentUrl\":\"https:\/\/megusta.fr\/wp-content\/uploads\/2019\/10\/MEGUSTA_LogoBlackBaseline.svg\",\"width\":1,\"height\":1,\"caption\":\"Megusta\"},\"image\":{\"@id\":\"https:\/\/megusta.fr\/#\/schema\/logo\/image\/\"},\"sameAs\":[\"https:\/\/www.facebook.com\/megusta.fr\",\"https:\/\/www.instagram.com\/megusta_agency\/\",\"https:\/\/www.linkedin.com\/company\/megusta-strategic-brand-design-communication\/\"]}]}<\/script>\n<!-- \/ Yoast SEO plugin. -->","yoast_head_json":{"title":"\u00c0 propos - Megusta - Strategic brand design & communication","description":"Pour Megusta, la marque doit \u00eatre connect\u00e9e dans le m\u00eame temps avec les synapses du cerveau et les battements du c\u0153ur.","robots":{"index":"index","follow":"follow","max-snippet":"max-snippet:-1","max-image-preview":"max-image-preview:large","max-video-preview":"max-video-preview:-1"},"canonical":"https:\/\/megusta.fr\/fr\/a-propos\/","og_locale":"fr_FR","og_type":"article","og_title":"\u00c0 propos - Megusta - Strategic brand design & communication","og_description":"Pour Megusta, la marque doit \u00eatre connect\u00e9e dans le m\u00eame temps avec les synapses du cerveau et les battements du c\u0153ur.","og_url":"https:\/\/megusta.fr\/fr\/a-propos\/","og_site_name":"Megusta","article_publisher":"https:\/\/www.facebook.com\/megusta.fr","article_modified_time":"2021-07-22T14:33:53+00:00","og_image":[{"width":600,"height":210,"url":"https:\/\/megusta.fr\/wp-content\/uploads\/2019\/10\/MEGUSTA_LogoBlackBaseline.png","type":"image\/png"}],"twitter_card":"summary_large_image","twitter_misc":{"Dur\u00e9e de lecture estim\u00e9e":"2 minutes"},"schema":{"@context":"https:\/\/schema.org","@graph":[{"@type":"WebPage","@id":"https:\/\/megusta.fr\/fr\/a-propos\/","url":"https:\/\/megusta.fr\/fr\/a-propos\/","name":"\u00c0 propos - Megusta - Strategic brand design & communication","isPartOf":{"@id":"https:\/\/megusta.fr\/#website"},"datePublished":"2019-10-17T12:12:41+00:00","dateModified":"2021-07-22T14:33:53+00:00","description":"Pour Megusta, la marque doit \u00eatre connect\u00e9e dans le m\u00eame temps avec les synapses du cerveau et les battements du c\u0153ur.","breadcrumb":{"@id":"https:\/\/megusta.fr\/fr\/a-propos\/#breadcrumb"},"inLanguage":"fr-FR","potentialAction":[{"@type":"ReadAction","target":["https:\/\/megusta.fr\/fr\/a-propos\/"]}]},{"@type":"BreadcrumbList","@id":"https:\/\/megusta.fr\/fr\/a-propos\/#breadcrumb","itemListElement":[{"@type":"ListItem","position":1,"name":"Home","item":"https:\/\/megusta.fr\/fr\/"},{"@type":"ListItem","position":2,"name":"\u00c0 propos"}]},{"@type":"WebSite","@id":"https:\/\/megusta.fr\/#website","url":"https:\/\/megusta.fr\/","name":"Megusta","description":"Strategic Brand Design","publisher":{"@id":"https:\/\/megusta.fr\/#organization"},"potentialAction":[{"@type":"SearchAction","target":{"@type":"EntryPoint","urlTemplate":"https:\/\/megusta.fr\/?s={search_term_string}"},"query-input":{"@type":"PropertyValueSpecification","valueRequired":true,"valueName":"search_term_string"}}],"inLanguage":"fr-FR"},{"@type":"Organization","@id":"https:\/\/megusta.fr\/#organization","name":"Megusta","url":"https:\/\/megusta.fr\/","logo":{"@type":"ImageObject","inLanguage":"fr-FR","@id":"https:\/\/megusta.fr\/#\/schema\/logo\/image\/","url":"https:\/\/megusta.fr\/wp-content\/uploads\/2019\/10\/MEGUSTA_LogoBlackBaseline.svg","contentUrl":"https:\/\/megusta.fr\/wp-content\/uploads\/2019\/10\/MEGUSTA_LogoBlackBaseline.svg","width":1,"height":1,"caption":"Megusta"},"image":{"@id":"https:\/\/megusta.fr\/#\/schema\/logo\/image\/"},"sameAs":["https:\/\/www.facebook.com\/megusta.fr","https:\/\/www.instagram.com\/megusta_agency\/","https:\/\/www.linkedin.com\/company\/megusta-strategic-brand-design-communication\/"]}]}},"_links":{"self":[{"href":"https:\/\/megusta.fr\/fr\/wp-json\/wp\/v2\/pages\/627","targetHints":{"allow":["GET"]}}],"collection":[{"href":"https:\/\/megusta.fr\/fr\/wp-json\/wp\/v2\/pages"}],"about":[{"href":"https:\/\/megusta.fr\/fr\/wp-json\/wp\/v2\/types\/page"}],"author":[{"embeddable":true,"href":"https:\/\/megusta.fr\/fr\/wp-json\/wp\/v2\/users\/1"}],"replies":[{"embeddable":true,"href":"https:\/\/megusta.fr\/fr\/wp-json\/wp\/v2\/comments?post=627"}],"version-history":[{"count":0,"href":"https:\/\/megusta.fr\/fr\/wp-json\/wp\/v2\/pages\/627\/revisions"}],"wp:attachment":[{"href":"https:\/\/megusta.fr\/fr\/wp-json\/wp\/v2\/media?parent=627"}],"curies":[{"name":"wp","href":"https:\/\/api.w.org\/{rel}","templated":true}]}}